{"id":3192,"date":"2024-09-12T11:33:45","date_gmt":"2024-09-12T08:33:45","guid":{"rendered":"https:\/\/demosivusto.net\/snowek\/sweepers\/circulus\/"},"modified":"2026-02-23T11:30:49","modified_gmt":"2026-02-23T09:30:49","slug":"circulus","status":"publish","type":"page","link":"https:\/\/snowek.fi\/sv\/sweepers\/circulus\/","title":{"rendered":"Circulus 360\u00b0 roterande sopmaskin"},"content":{"rendered":"","protected":false},"excerpt":{"rendered":"","protected":false},"author":1,"featured_media":3718,"parent":3186,"menu_order":0,"comment_status":"closed","ping_status":"closed","template":"page-templates\/sub-page.php","meta":{"_acf_changed":false,"footnotes":""},"class_list":["post-3192","page","type-page","status-publish","has-post-thumbnail","hentry"],"acf":[],"yoast_head":"<!-- This site is optimized with the Yoast SEO plugin v27.3 - https:\/\/yoast.com\/product\/yoast-seo-wordpress\/ -->\n<title>Circulus 360\u00b0 roterande sopmaskin - Snowek<\/title>\n<meta name=\"description\" content=\"Unik. \u00c4kta. Originell fr\u00e5n finsk marknadsledare Snowek. 915mm borstdiameter. 360 grad rotation. Flytande sopval och st\u00f6rsta sandbeh\u00e5llare.\" \/>\n<meta name=\"robots\" content=\"index, follow, max-snippet:-1, max-image-preview:large, max-video-preview:-1\" \/>\n<link rel=\"canonical\" href=\"https:\/\/snowek.fi\/sv\/sweepers\/circulus\/\" \/>\n<meta property=\"og:locale\" content=\"sv_SE\" \/>\n<meta property=\"og:type\" content=\"article\" \/>\n<meta property=\"og:title\" content=\"Circulus 360\u00b0 roterande sopmaskin - Snowek\" \/>\n<meta property=\"og:description\" content=\"Unik. \u00c4kta. Originell fr\u00e5n finsk marknadsledare Snowek. 915mm borstdiameter. 360 grad rotation. Flytande sopval och st\u00f6rsta sandbeh\u00e5llare.\" \/>\n<meta property=\"og:url\" content=\"https:\/\/snowek.fi\/sv\/sweepers\/circulus\/\" \/>\n<meta property=\"og:site_name\" content=\"Snowek\" \/>\n<meta property=\"article:publisher\" content=\"http:\/\/www.facebook.com\/snowektrombia\" \/>\n<meta property=\"article:modified_time\" content=\"2026-02-23T09:30:49+00:00\" \/>\n<meta property=\"og:image\" content=\"https:\/\/snowek.fi\/wp-content\/uploads\/2025\/02\/SNOWEK-75-of-91-scaled-e1739007897762.webp\" \/>\n\t<meta property=\"og:image:width\" content=\"2560\" \/>\n\t<meta property=\"og:image:height\" content=\"1707\" \/>\n\t<meta property=\"og:image:type\" content=\"image\/webp\" \/>\n<meta name=\"twitter:card\" content=\"summary_large_image\" \/>\n<meta name=\"twitter:site\" content=\"@trombiatech\" \/>\n<meta name=\"twitter:label1\" content=\"Ber\u00e4knad l\u00e4stid\" \/>\n\t<meta name=\"twitter:data1\" content=\"1 minut\" \/>\n<script type=\"application\/ld+json\" class=\"yoast-schema-graph\">{\"@context\":\"https:\\\/\\\/schema.org\",\"@graph\":[{\"@type\":\"WebPage\",\"@id\":\"https:\\\/\\\/snowek.fi\\\/sv\\\/sweepers\\\/circulus\\\/\",\"url\":\"https:\\\/\\\/snowek.fi\\\/sv\\\/sweepers\\\/circulus\\\/\",\"name\":\"Circulus 360\u00b0 roterande sopmaskin - Snowek\",\"isPartOf\":{\"@id\":\"https:\\\/\\\/snowek.fi\\\/de\\\/#website\"},\"primaryImageOfPage\":{\"@id\":\"https:\\\/\\\/snowek.fi\\\/sv\\\/sweepers\\\/circulus\\\/#primaryimage\"},\"image\":{\"@id\":\"https:\\\/\\\/snowek.fi\\\/sv\\\/sweepers\\\/circulus\\\/#primaryimage\"},\"thumbnailUrl\":\"https:\\\/\\\/snowek.fi\\\/wp-content\\\/uploads\\\/2025\\\/02\\\/SNOWEK-75-of-91-scaled-e1739007897762.webp\",\"datePublished\":\"2024-09-12T08:33:45+00:00\",\"dateModified\":\"2026-02-23T09:30:49+00:00\",\"description\":\"Unik. \u00c4kta. Originell fr\u00e5n finsk marknadsledare Snowek. 915mm borstdiameter. 360 grad rotation. Flytande sopval och st\u00f6rsta sandbeh\u00e5llare.\",\"breadcrumb\":{\"@id\":\"https:\\\/\\\/snowek.fi\\\/sv\\\/sweepers\\\/circulus\\\/#breadcrumb\"},\"inLanguage\":\"sv-SE\",\"potentialAction\":[{\"@type\":\"ReadAction\",\"target\":[\"https:\\\/\\\/snowek.fi\\\/sv\\\/sweepers\\\/circulus\\\/\"]}]},{\"@type\":\"ImageObject\",\"inLanguage\":\"sv-SE\",\"@id\":\"https:\\\/\\\/snowek.fi\\\/sv\\\/sweepers\\\/circulus\\\/#primaryimage\",\"url\":\"https:\\\/\\\/snowek.fi\\\/wp-content\\\/uploads\\\/2025\\\/02\\\/SNOWEK-75-of-91-scaled-e1739007897762.webp\",\"contentUrl\":\"https:\\\/\\\/snowek.fi\\\/wp-content\\\/uploads\\\/2025\\\/02\\\/SNOWEK-75-of-91-scaled-e1739007897762.webp\",\"width\":2560,\"height\":1707},{\"@type\":\"BreadcrumbList\",\"@id\":\"https:\\\/\\\/snowek.fi\\\/sv\\\/sweepers\\\/circulus\\\/#breadcrumb\",\"itemListElement\":[{\"@type\":\"ListItem\",\"position\":1,\"name\":\"Etusivu\",\"item\":\"https:\\\/\\\/snowek.fi\\\/sv\\\/\"},{\"@type\":\"ListItem\",\"position\":2,\"name\":\"Snowek sopmaskiner\",\"item\":\"https:\\\/\\\/snowek.fi\\\/sv\\\/sweepers\\\/\"},{\"@type\":\"ListItem\",\"position\":3,\"name\":\"Circulus 360\u00b0 roterande sopmaskin\"}]},{\"@type\":\"WebSite\",\"@id\":\"https:\\\/\\\/snowek.fi\\\/de\\\/#website\",\"url\":\"https:\\\/\\\/snowek.fi\\\/de\\\/\",\"name\":\"Snowek\",\"description\":\"\",\"publisher\":{\"@id\":\"https:\\\/\\\/snowek.fi\\\/de\\\/#organization\"},\"potentialAction\":[{\"@type\":\"SearchAction\",\"target\":{\"@type\":\"EntryPoint\",\"urlTemplate\":\"https:\\\/\\\/snowek.fi\\\/de\\\/?s={search_term_string}\"},\"query-input\":{\"@type\":\"PropertyValueSpecification\",\"valueRequired\":true,\"valueName\":\"search_term_string\"}}],\"inLanguage\":\"sv-SE\"},{\"@type\":\"Organization\",\"@id\":\"https:\\\/\\\/snowek.fi\\\/de\\\/#organization\",\"name\":\"Snowek\",\"url\":\"https:\\\/\\\/snowek.fi\\\/de\\\/\",\"logo\":{\"@type\":\"ImageObject\",\"inLanguage\":\"sv-SE\",\"@id\":\"https:\\\/\\\/snowek.fi\\\/de\\\/#\\\/schema\\\/logo\\\/image\\\/\",\"url\":\"https:\\\/\\\/snowek.fi\\\/wp-content\\\/uploads\\\/2024\\\/09\\\/snowek-logo-black.png\",\"contentUrl\":\"https:\\\/\\\/snowek.fi\\\/wp-content\\\/uploads\\\/2024\\\/09\\\/snowek-logo-black.png\",\"width\":200,\"height\":23,\"caption\":\"Snowek\"},\"image\":{\"@id\":\"https:\\\/\\\/snowek.fi\\\/de\\\/#\\\/schema\\\/logo\\\/image\\\/\"},\"sameAs\":[\"http:\\\/\\\/www.facebook.com\\\/snowektrombia\",\"https:\\\/\\\/x.com\\\/trombiatech\",\"http:\\\/\\\/www.youtube.com\\\/trombia-technologies\",\"https:\\\/\\\/www.linkedin.com\\\/company\\\/3523519\\\/\"]}]}<\/script>\n<!-- \/ Yoast SEO plugin. -->","yoast_head_json":{"title":"Circulus 360\u00b0 roterande sopmaskin - Snowek","description":"Unik. \u00c4kta. Originell fr\u00e5n finsk marknadsledare Snowek. 915mm borstdiameter. 360 grad rotation. Flytande sopval och st\u00f6rsta sandbeh\u00e5llare.","robots":{"index":"index","follow":"follow","max-snippet":"max-snippet:-1","max-image-preview":"max-image-preview:large","max-video-preview":"max-video-preview:-1"},"canonical":"https:\/\/snowek.fi\/sv\/sweepers\/circulus\/","og_locale":"sv_SE","og_type":"article","og_title":"Circulus 360\u00b0 roterande sopmaskin - Snowek","og_description":"Unik. \u00c4kta. Originell fr\u00e5n finsk marknadsledare Snowek. 915mm borstdiameter. 360 grad rotation. Flytande sopval och st\u00f6rsta sandbeh\u00e5llare.","og_url":"https:\/\/snowek.fi\/sv\/sweepers\/circulus\/","og_site_name":"Snowek","article_publisher":"http:\/\/www.facebook.com\/snowektrombia","article_modified_time":"2026-02-23T09:30:49+00:00","og_image":[{"width":2560,"height":1707,"url":"https:\/\/snowek.fi\/wp-content\/uploads\/2025\/02\/SNOWEK-75-of-91-scaled-e1739007897762.webp","type":"image\/webp"}],"twitter_card":"summary_large_image","twitter_site":"@trombiatech","twitter_misc":{"Ber\u00e4knad l\u00e4stid":"1 minut"},"schema":{"@context":"https:\/\/schema.org","@graph":[{"@type":"WebPage","@id":"https:\/\/snowek.fi\/sv\/sweepers\/circulus\/","url":"https:\/\/snowek.fi\/sv\/sweepers\/circulus\/","name":"Circulus 360\u00b0 roterande sopmaskin - Snowek","isPartOf":{"@id":"https:\/\/snowek.fi\/de\/#website"},"primaryImageOfPage":{"@id":"https:\/\/snowek.fi\/sv\/sweepers\/circulus\/#primaryimage"},"image":{"@id":"https:\/\/snowek.fi\/sv\/sweepers\/circulus\/#primaryimage"},"thumbnailUrl":"https:\/\/snowek.fi\/wp-content\/uploads\/2025\/02\/SNOWEK-75-of-91-scaled-e1739007897762.webp","datePublished":"2024-09-12T08:33:45+00:00","dateModified":"2026-02-23T09:30:49+00:00","description":"Unik. \u00c4kta. Originell fr\u00e5n finsk marknadsledare Snowek. 915mm borstdiameter. 360 grad rotation. Flytande sopval och st\u00f6rsta sandbeh\u00e5llare.","breadcrumb":{"@id":"https:\/\/snowek.fi\/sv\/sweepers\/circulus\/#breadcrumb"},"inLanguage":"sv-SE","potentialAction":[{"@type":"ReadAction","target":["https:\/\/snowek.fi\/sv\/sweepers\/circulus\/"]}]},{"@type":"ImageObject","inLanguage":"sv-SE","@id":"https:\/\/snowek.fi\/sv\/sweepers\/circulus\/#primaryimage","url":"https:\/\/snowek.fi\/wp-content\/uploads\/2025\/02\/SNOWEK-75-of-91-scaled-e1739007897762.webp","contentUrl":"https:\/\/snowek.fi\/wp-content\/uploads\/2025\/02\/SNOWEK-75-of-91-scaled-e1739007897762.webp","width":2560,"height":1707},{"@type":"BreadcrumbList","@id":"https:\/\/snowek.fi\/sv\/sweepers\/circulus\/#breadcrumb","itemListElement":[{"@type":"ListItem","position":1,"name":"Etusivu","item":"https:\/\/snowek.fi\/sv\/"},{"@type":"ListItem","position":2,"name":"Snowek sopmaskiner","item":"https:\/\/snowek.fi\/sv\/sweepers\/"},{"@type":"ListItem","position":3,"name":"Circulus 360\u00b0 roterande sopmaskin"}]},{"@type":"WebSite","@id":"https:\/\/snowek.fi\/de\/#website","url":"https:\/\/snowek.fi\/de\/","name":"Snowek","description":"","publisher":{"@id":"https:\/\/snowek.fi\/de\/#organization"},"potentialAction":[{"@type":"SearchAction","target":{"@type":"EntryPoint","urlTemplate":"https:\/\/snowek.fi\/de\/?s={search_term_string}"},"query-input":{"@type":"PropertyValueSpecification","valueRequired":true,"valueName":"search_term_string"}}],"inLanguage":"sv-SE"},{"@type":"Organization","@id":"https:\/\/snowek.fi\/de\/#organization","name":"Snowek","url":"https:\/\/snowek.fi\/de\/","logo":{"@type":"ImageObject","inLanguage":"sv-SE","@id":"https:\/\/snowek.fi\/de\/#\/schema\/logo\/image\/","url":"https:\/\/snowek.fi\/wp-content\/uploads\/2024\/09\/snowek-logo-black.png","contentUrl":"https:\/\/snowek.fi\/wp-content\/uploads\/2024\/09\/snowek-logo-black.png","width":200,"height":23,"caption":"Snowek"},"image":{"@id":"https:\/\/snowek.fi\/de\/#\/schema\/logo\/image\/"},"sameAs":["http:\/\/www.facebook.com\/snowektrombia","https:\/\/x.com\/trombiatech","http:\/\/www.youtube.com\/trombia-technologies","https:\/\/www.linkedin.com\/company\/3523519\/"]}]}},"_links":{"self":[{"href":"https:\/\/snowek.fi\/sv\/wp-json\/wp\/v2\/pages\/3192","targetHints":{"allow":["GET"]}}],"collection":[{"href":"https:\/\/snowek.fi\/sv\/wp-json\/wp\/v2\/pages"}],"about":[{"href":"https:\/\/snowek.fi\/sv\/wp-json\/wp\/v2\/types\/page"}],"author":[{"embeddable":true,"href":"https:\/\/snowek.fi\/sv\/wp-json\/wp\/v2\/users\/1"}],"replies":[{"embeddable":true,"href":"https:\/\/snowek.fi\/sv\/wp-json\/wp\/v2\/comments?post=3192"}],"version-history":[{"count":3,"href":"https:\/\/snowek.fi\/sv\/wp-json\/wp\/v2\/pages\/3192\/revisions"}],"predecessor-version":[{"id":5650,"href":"https:\/\/snowek.fi\/sv\/wp-json\/wp\/v2\/pages\/3192\/revisions\/5650"}],"up":[{"embeddable":true,"href":"https:\/\/snowek.fi\/sv\/wp-json\/wp\/v2\/pages\/3186"}],"wp:featuredmedia":[{"embeddable":true,"href":"https:\/\/snowek.fi\/sv\/wp-json\/wp\/v2\/media\/3718"}],"wp:attachment":[{"href":"https:\/\/snowek.fi\/sv\/wp-json\/wp\/v2\/media?parent=3192"}],"curies":[{"name":"wp","href":"https:\/\/api.w.org\/{rel}","templated":true}]}}