{"id":305,"date":"2024-09-12T11:35:44","date_gmt":"2024-09-12T08:35:44","guid":{"rendered":"http:\/\/localhost\/snowek\/?page_id=305"},"modified":"2026-02-19T11:54:48","modified_gmt":"2026-02-19T09:54:48","slug":"keraavat-harjalaitteet","status":"publish","type":"page","link":"https:\/\/snowek.fi\/fi\/harjalaitteet\/keraavat-harjalaitteet\/","title":{"rendered":"Ker\u00e4\u00e4v\u00e4t harjalaitteet"},"content":{"rendered":"","protected":false},"excerpt":{"rendered":"","protected":false},"author":1,"featured_media":0,"parent":282,"menu_order":0,"comment_status":"closed","ping_status":"closed","template":"page-templates\/sub-page.php","meta":{"_acf_changed":false,"footnotes":""},"class_list":["post-305","page","type-page","status-publish","hentry"],"acf":[],"yoast_head":"<!-- This site is optimized with the Yoast SEO plugin v27.3 - https:\/\/yoast.com\/product\/yoast-seo-wordpress\/ -->\n<title>Ker\u00e4\u00e4v\u00e4t harjalaitteet - Snowek<\/title>\n<meta name=\"description\" content=\"Ker\u00e4\u00e4v\u00e4t harjalaitteet traktoreihin, py\u00f6r\u00e4kuormaajiin ja rakennuskoneisiin. Snowek on kotimainen harjalaitevalmistaja. Katup\u00f6lyn hallinnan edell\u00e4k\u00e4vij\u00e4.\" \/>\n<meta name=\"robots\" content=\"index, follow, max-snippet:-1, max-image-preview:large, max-video-preview:-1\" \/>\n<link rel=\"canonical\" href=\"https:\/\/snowek.fi\/fi\/harjalaitteet\/keraavat-harjalaitteet\/\" \/>\n<meta property=\"og:locale\" content=\"fi_FI\" \/>\n<meta property=\"og:type\" content=\"article\" \/>\n<meta property=\"og:title\" content=\"Ker\u00e4\u00e4v\u00e4t harjalaitteet - Snowek\" \/>\n<meta property=\"og:description\" content=\"Ker\u00e4\u00e4v\u00e4t harjalaitteet traktoreihin, py\u00f6r\u00e4kuormaajiin ja rakennuskoneisiin. Snowek on kotimainen harjalaitevalmistaja. Katup\u00f6lyn hallinnan edell\u00e4k\u00e4vij\u00e4.\" \/>\n<meta property=\"og:url\" content=\"https:\/\/snowek.fi\/fi\/harjalaitteet\/keraavat-harjalaitteet\/\" \/>\n<meta property=\"og:site_name\" content=\"Snowek\" \/>\n<meta property=\"article:publisher\" content=\"http:\/\/www.facebook.com\/snowektrombia\" \/>\n<meta property=\"article:modified_time\" content=\"2026-02-19T09:54:48+00:00\" \/>\n<meta name=\"twitter:card\" content=\"summary_large_image\" \/>\n<meta name=\"twitter:site\" content=\"@trombiatech\" \/>\n<script type=\"application\/ld+json\" class=\"yoast-schema-graph\">{\"@context\":\"https:\\\/\\\/schema.org\",\"@graph\":[{\"@type\":\"WebPage\",\"@id\":\"https:\\\/\\\/snowek.fi\\\/fi\\\/harjalaitteet\\\/keraavat-harjalaitteet\\\/\",\"url\":\"https:\\\/\\\/snowek.fi\\\/fi\\\/harjalaitteet\\\/keraavat-harjalaitteet\\\/\",\"name\":\"Ker\u00e4\u00e4v\u00e4t harjalaitteet - Snowek\",\"isPartOf\":{\"@id\":\"https:\\\/\\\/snowek.fi\\\/de\\\/#website\"},\"datePublished\":\"2024-09-12T08:35:44+00:00\",\"dateModified\":\"2026-02-19T09:54:48+00:00\",\"description\":\"Ker\u00e4\u00e4v\u00e4t harjalaitteet traktoreihin, py\u00f6r\u00e4kuormaajiin ja rakennuskoneisiin. Snowek on kotimainen harjalaitevalmistaja. Katup\u00f6lyn hallinnan edell\u00e4k\u00e4vij\u00e4.\",\"breadcrumb\":{\"@id\":\"https:\\\/\\\/snowek.fi\\\/fi\\\/harjalaitteet\\\/keraavat-harjalaitteet\\\/#breadcrumb\"},\"inLanguage\":\"fi\",\"potentialAction\":[{\"@type\":\"ReadAction\",\"target\":[\"https:\\\/\\\/snowek.fi\\\/fi\\\/harjalaitteet\\\/keraavat-harjalaitteet\\\/\"]}]},{\"@type\":\"BreadcrumbList\",\"@id\":\"https:\\\/\\\/snowek.fi\\\/fi\\\/harjalaitteet\\\/keraavat-harjalaitteet\\\/#breadcrumb\",\"itemListElement\":[{\"@type\":\"ListItem\",\"position\":1,\"name\":\"Etusivu\",\"item\":\"https:\\\/\\\/snowek.fi\\\/fi\\\/\"},{\"@type\":\"ListItem\",\"position\":2,\"name\":\"Harjalaitteet\",\"item\":\"https:\\\/\\\/snowek.fi\\\/fi\\\/harjalaitteet\\\/\"},{\"@type\":\"ListItem\",\"position\":3,\"name\":\"Ker\u00e4\u00e4v\u00e4t harjalaitteet\"}]},{\"@type\":\"WebSite\",\"@id\":\"https:\\\/\\\/snowek.fi\\\/de\\\/#website\",\"url\":\"https:\\\/\\\/snowek.fi\\\/de\\\/\",\"name\":\"Snowek\",\"description\":\"\",\"publisher\":{\"@id\":\"https:\\\/\\\/snowek.fi\\\/de\\\/#organization\"},\"potentialAction\":[{\"@type\":\"SearchAction\",\"target\":{\"@type\":\"EntryPoint\",\"urlTemplate\":\"https:\\\/\\\/snowek.fi\\\/de\\\/?s={search_term_string}\"},\"query-input\":{\"@type\":\"PropertyValueSpecification\",\"valueRequired\":true,\"valueName\":\"search_term_string\"}}],\"inLanguage\":\"fi\"},{\"@type\":\"Organization\",\"@id\":\"https:\\\/\\\/snowek.fi\\\/de\\\/#organization\",\"name\":\"Snowek\",\"url\":\"https:\\\/\\\/snowek.fi\\\/de\\\/\",\"logo\":{\"@type\":\"ImageObject\",\"inLanguage\":\"fi\",\"@id\":\"https:\\\/\\\/snowek.fi\\\/de\\\/#\\\/schema\\\/logo\\\/image\\\/\",\"url\":\"https:\\\/\\\/snowek.fi\\\/wp-content\\\/uploads\\\/2024\\\/09\\\/snowek-logo-black.png\",\"contentUrl\":\"https:\\\/\\\/snowek.fi\\\/wp-content\\\/uploads\\\/2024\\\/09\\\/snowek-logo-black.png\",\"width\":200,\"height\":23,\"caption\":\"Snowek\"},\"image\":{\"@id\":\"https:\\\/\\\/snowek.fi\\\/de\\\/#\\\/schema\\\/logo\\\/image\\\/\"},\"sameAs\":[\"http:\\\/\\\/www.facebook.com\\\/snowektrombia\",\"https:\\\/\\\/x.com\\\/trombiatech\",\"http:\\\/\\\/www.youtube.com\\\/trombia-technologies\",\"https:\\\/\\\/www.linkedin.com\\\/company\\\/3523519\\\/\"]}]}<\/script>\n<!-- \/ Yoast SEO plugin. -->","yoast_head_json":{"title":"Ker\u00e4\u00e4v\u00e4t harjalaitteet - Snowek","description":"Ker\u00e4\u00e4v\u00e4t harjalaitteet traktoreihin, py\u00f6r\u00e4kuormaajiin ja rakennuskoneisiin. Snowek on kotimainen harjalaitevalmistaja. Katup\u00f6lyn hallinnan edell\u00e4k\u00e4vij\u00e4.","robots":{"index":"index","follow":"follow","max-snippet":"max-snippet:-1","max-image-preview":"max-image-preview:large","max-video-preview":"max-video-preview:-1"},"canonical":"https:\/\/snowek.fi\/fi\/harjalaitteet\/keraavat-harjalaitteet\/","og_locale":"fi_FI","og_type":"article","og_title":"Ker\u00e4\u00e4v\u00e4t harjalaitteet - Snowek","og_description":"Ker\u00e4\u00e4v\u00e4t harjalaitteet traktoreihin, py\u00f6r\u00e4kuormaajiin ja rakennuskoneisiin. Snowek on kotimainen harjalaitevalmistaja. Katup\u00f6lyn hallinnan edell\u00e4k\u00e4vij\u00e4.","og_url":"https:\/\/snowek.fi\/fi\/harjalaitteet\/keraavat-harjalaitteet\/","og_site_name":"Snowek","article_publisher":"http:\/\/www.facebook.com\/snowektrombia","article_modified_time":"2026-02-19T09:54:48+00:00","twitter_card":"summary_large_image","twitter_site":"@trombiatech","schema":{"@context":"https:\/\/schema.org","@graph":[{"@type":"WebPage","@id":"https:\/\/snowek.fi\/fi\/harjalaitteet\/keraavat-harjalaitteet\/","url":"https:\/\/snowek.fi\/fi\/harjalaitteet\/keraavat-harjalaitteet\/","name":"Ker\u00e4\u00e4v\u00e4t harjalaitteet - Snowek","isPartOf":{"@id":"https:\/\/snowek.fi\/de\/#website"},"datePublished":"2024-09-12T08:35:44+00:00","dateModified":"2026-02-19T09:54:48+00:00","description":"Ker\u00e4\u00e4v\u00e4t harjalaitteet traktoreihin, py\u00f6r\u00e4kuormaajiin ja rakennuskoneisiin. Snowek on kotimainen harjalaitevalmistaja. Katup\u00f6lyn hallinnan edell\u00e4k\u00e4vij\u00e4.","breadcrumb":{"@id":"https:\/\/snowek.fi\/fi\/harjalaitteet\/keraavat-harjalaitteet\/#breadcrumb"},"inLanguage":"fi","potentialAction":[{"@type":"ReadAction","target":["https:\/\/snowek.fi\/fi\/harjalaitteet\/keraavat-harjalaitteet\/"]}]},{"@type":"BreadcrumbList","@id":"https:\/\/snowek.fi\/fi\/harjalaitteet\/keraavat-harjalaitteet\/#breadcrumb","itemListElement":[{"@type":"ListItem","position":1,"name":"Etusivu","item":"https:\/\/snowek.fi\/fi\/"},{"@type":"ListItem","position":2,"name":"Harjalaitteet","item":"https:\/\/snowek.fi\/fi\/harjalaitteet\/"},{"@type":"ListItem","position":3,"name":"Ker\u00e4\u00e4v\u00e4t harjalaitteet"}]},{"@type":"WebSite","@id":"https:\/\/snowek.fi\/de\/#website","url":"https:\/\/snowek.fi\/de\/","name":"Snowek","description":"","publisher":{"@id":"https:\/\/snowek.fi\/de\/#organization"},"potentialAction":[{"@type":"SearchAction","target":{"@type":"EntryPoint","urlTemplate":"https:\/\/snowek.fi\/de\/?s={search_term_string}"},"query-input":{"@type":"PropertyValueSpecification","valueRequired":true,"valueName":"search_term_string"}}],"inLanguage":"fi"},{"@type":"Organization","@id":"https:\/\/snowek.fi\/de\/#organization","name":"Snowek","url":"https:\/\/snowek.fi\/de\/","logo":{"@type":"ImageObject","inLanguage":"fi","@id":"https:\/\/snowek.fi\/de\/#\/schema\/logo\/image\/","url":"https:\/\/snowek.fi\/wp-content\/uploads\/2024\/09\/snowek-logo-black.png","contentUrl":"https:\/\/snowek.fi\/wp-content\/uploads\/2024\/09\/snowek-logo-black.png","width":200,"height":23,"caption":"Snowek"},"image":{"@id":"https:\/\/snowek.fi\/de\/#\/schema\/logo\/image\/"},"sameAs":["http:\/\/www.facebook.com\/snowektrombia","https:\/\/x.com\/trombiatech","http:\/\/www.youtube.com\/trombia-technologies","https:\/\/www.linkedin.com\/company\/3523519\/"]}]}},"_links":{"self":[{"href":"https:\/\/snowek.fi\/fi\/wp-json\/wp\/v2\/pages\/305","targetHints":{"allow":["GET"]}}],"collection":[{"href":"https:\/\/snowek.fi\/fi\/wp-json\/wp\/v2\/pages"}],"about":[{"href":"https:\/\/snowek.fi\/fi\/wp-json\/wp\/v2\/types\/page"}],"author":[{"embeddable":true,"href":"https:\/\/snowek.fi\/fi\/wp-json\/wp\/v2\/users\/1"}],"replies":[{"embeddable":true,"href":"https:\/\/snowek.fi\/fi\/wp-json\/wp\/v2\/comments?post=305"}],"version-history":[{"count":3,"href":"https:\/\/snowek.fi\/fi\/wp-json\/wp\/v2\/pages\/305\/revisions"}],"predecessor-version":[{"id":5631,"href":"https:\/\/snowek.fi\/fi\/wp-json\/wp\/v2\/pages\/305\/revisions\/5631"}],"up":[{"embeddable":true,"href":"https:\/\/snowek.fi\/fi\/wp-json\/wp\/v2\/pages\/282"}],"wp:attachment":[{"href":"https:\/\/snowek.fi\/fi\/wp-json\/wp\/v2\/media?parent=305"}],"curies":[{"name":"wp","href":"https:\/\/api.w.org\/{rel}","templated":true}]}}