{"id":297,"date":"2024-09-12T11:33:45","date_gmt":"2024-09-12T08:33:45","guid":{"rendered":"http:\/\/localhost\/snowek\/?page_id=297"},"modified":"2026-02-26T08:48:49","modified_gmt":"2026-02-26T06:48:49","slug":"circulus","status":"publish","type":"page","link":"https:\/\/snowek.fi\/fi\/harjalaitteet\/circulus\/","title":{"rendered":"Circulus py\u00f6ritett\u00e4v\u00e4 kauhaharja"},"content":{"rendered":"","protected":false},"excerpt":{"rendered":"","protected":false},"author":1,"featured_media":3713,"parent":282,"menu_order":0,"comment_status":"closed","ping_status":"closed","template":"page-templates\/sub-page.php","meta":{"_acf_changed":false,"footnotes":""},"class_list":["post-297","page","type-page","status-publish","has-post-thumbnail","hentry"],"acf":[],"yoast_head":"<!-- This site is optimized with the Yoast SEO plugin v27.3 - https:\/\/yoast.com\/product\/yoast-seo-wordpress\/ -->\n<title>Circulus py\u00f6ritett\u00e4v\u00e4 kauhaharja - Snowek<\/title>\n<meta name=\"robots\" content=\"index, follow, max-snippet:-1, max-image-preview:large, max-video-preview:-1\" \/>\n<link rel=\"canonical\" href=\"https:\/\/snowek.fi\/fi\/harjalaitteet\/circulus\/\" \/>\n<meta property=\"og:locale\" content=\"fi_FI\" \/>\n<meta property=\"og:type\" content=\"article\" \/>\n<meta property=\"og:title\" content=\"Circulus py\u00f6ritett\u00e4v\u00e4 kauhaharja - Snowek\" \/>\n<meta property=\"og:url\" content=\"https:\/\/snowek.fi\/fi\/harjalaitteet\/circulus\/\" \/>\n<meta property=\"og:site_name\" content=\"Snowek\" \/>\n<meta property=\"article:publisher\" content=\"http:\/\/www.facebook.com\/snowektrombia\" \/>\n<meta property=\"article:modified_time\" content=\"2026-02-26T06:48:49+00:00\" \/>\n<meta property=\"og:image\" content=\"https:\/\/snowek.fi\/wp-content\/uploads\/2025\/02\/SNOWEK-75-of-91-scaled-e1739007897762.webp\" \/>\n\t<meta property=\"og:image:width\" content=\"800\" \/>\n\t<meta property=\"og:image:height\" content=\"533\" \/>\n\t<meta property=\"og:image:type\" content=\"image\/webp\" \/>\n<meta name=\"twitter:card\" content=\"summary_large_image\" \/>\n<meta name=\"twitter:site\" content=\"@trombiatech\" \/>\n<meta name=\"twitter:label1\" content=\"Arvioitu lukuaika\" \/>\n\t<meta name=\"twitter:data1\" content=\"1 minuutti\" \/>\n<script type=\"application\/ld+json\" class=\"yoast-schema-graph\">{\"@context\":\"https:\\\/\\\/schema.org\",\"@graph\":[{\"@type\":\"WebPage\",\"@id\":\"https:\\\/\\\/snowek.fi\\\/fi\\\/harjalaitteet\\\/circulus\\\/\",\"url\":\"https:\\\/\\\/snowek.fi\\\/fi\\\/harjalaitteet\\\/circulus\\\/\",\"name\":\"Circulus py\u00f6ritett\u00e4v\u00e4 kauhaharja - Snowek\",\"isPartOf\":{\"@id\":\"https:\\\/\\\/snowek.fi\\\/de\\\/#website\"},\"primaryImageOfPage\":{\"@id\":\"https:\\\/\\\/snowek.fi\\\/fi\\\/harjalaitteet\\\/circulus\\\/#primaryimage\"},\"image\":{\"@id\":\"https:\\\/\\\/snowek.fi\\\/fi\\\/harjalaitteet\\\/circulus\\\/#primaryimage\"},\"thumbnailUrl\":\"https:\\\/\\\/snowek.fi\\\/wp-content\\\/uploads\\\/2025\\\/02\\\/SNOWEK-75-of-91-scaled-e1739007897762.webp\",\"datePublished\":\"2024-09-12T08:33:45+00:00\",\"dateModified\":\"2026-02-26T06:48:49+00:00\",\"breadcrumb\":{\"@id\":\"https:\\\/\\\/snowek.fi\\\/fi\\\/harjalaitteet\\\/circulus\\\/#breadcrumb\"},\"inLanguage\":\"fi\",\"potentialAction\":[{\"@type\":\"ReadAction\",\"target\":[\"https:\\\/\\\/snowek.fi\\\/fi\\\/harjalaitteet\\\/circulus\\\/\"]}]},{\"@type\":\"ImageObject\",\"inLanguage\":\"fi\",\"@id\":\"https:\\\/\\\/snowek.fi\\\/fi\\\/harjalaitteet\\\/circulus\\\/#primaryimage\",\"url\":\"https:\\\/\\\/snowek.fi\\\/wp-content\\\/uploads\\\/2025\\\/02\\\/SNOWEK-75-of-91-scaled-e1739007897762.webp\",\"contentUrl\":\"https:\\\/\\\/snowek.fi\\\/wp-content\\\/uploads\\\/2025\\\/02\\\/SNOWEK-75-of-91-scaled-e1739007897762.webp\",\"width\":800,\"height\":533,\"caption\":\"Snowek C250 harjakone sivulta.\"},{\"@type\":\"BreadcrumbList\",\"@id\":\"https:\\\/\\\/snowek.fi\\\/fi\\\/harjalaitteet\\\/circulus\\\/#breadcrumb\",\"itemListElement\":[{\"@type\":\"ListItem\",\"position\":1,\"name\":\"Etusivu\",\"item\":\"https:\\\/\\\/snowek.fi\\\/fi\\\/\"},{\"@type\":\"ListItem\",\"position\":2,\"name\":\"Harjalaitteet\",\"item\":\"https:\\\/\\\/snowek.fi\\\/fi\\\/harjalaitteet\\\/\"},{\"@type\":\"ListItem\",\"position\":3,\"name\":\"Circulus py\u00f6ritett\u00e4v\u00e4 kauhaharja\"}]},{\"@type\":\"WebSite\",\"@id\":\"https:\\\/\\\/snowek.fi\\\/de\\\/#website\",\"url\":\"https:\\\/\\\/snowek.fi\\\/de\\\/\",\"name\":\"Snowek\",\"description\":\"\",\"publisher\":{\"@id\":\"https:\\\/\\\/snowek.fi\\\/de\\\/#organization\"},\"potentialAction\":[{\"@type\":\"SearchAction\",\"target\":{\"@type\":\"EntryPoint\",\"urlTemplate\":\"https:\\\/\\\/snowek.fi\\\/de\\\/?s={search_term_string}\"},\"query-input\":{\"@type\":\"PropertyValueSpecification\",\"valueRequired\":true,\"valueName\":\"search_term_string\"}}],\"inLanguage\":\"fi\"},{\"@type\":\"Organization\",\"@id\":\"https:\\\/\\\/snowek.fi\\\/de\\\/#organization\",\"name\":\"Snowek\",\"url\":\"https:\\\/\\\/snowek.fi\\\/de\\\/\",\"logo\":{\"@type\":\"ImageObject\",\"inLanguage\":\"fi\",\"@id\":\"https:\\\/\\\/snowek.fi\\\/de\\\/#\\\/schema\\\/logo\\\/image\\\/\",\"url\":\"https:\\\/\\\/snowek.fi\\\/wp-content\\\/uploads\\\/2024\\\/09\\\/snowek-logo-black.png\",\"contentUrl\":\"https:\\\/\\\/snowek.fi\\\/wp-content\\\/uploads\\\/2024\\\/09\\\/snowek-logo-black.png\",\"width\":200,\"height\":23,\"caption\":\"Snowek\"},\"image\":{\"@id\":\"https:\\\/\\\/snowek.fi\\\/de\\\/#\\\/schema\\\/logo\\\/image\\\/\"},\"sameAs\":[\"http:\\\/\\\/www.facebook.com\\\/snowektrombia\",\"https:\\\/\\\/x.com\\\/trombiatech\",\"http:\\\/\\\/www.youtube.com\\\/trombia-technologies\",\"https:\\\/\\\/www.linkedin.com\\\/company\\\/3523519\\\/\"]}]}<\/script>\n<!-- \/ Yoast SEO plugin. -->","yoast_head_json":{"title":"Circulus py\u00f6ritett\u00e4v\u00e4 kauhaharja - Snowek","robots":{"index":"index","follow":"follow","max-snippet":"max-snippet:-1","max-image-preview":"max-image-preview:large","max-video-preview":"max-video-preview:-1"},"canonical":"https:\/\/snowek.fi\/fi\/harjalaitteet\/circulus\/","og_locale":"fi_FI","og_type":"article","og_title":"Circulus py\u00f6ritett\u00e4v\u00e4 kauhaharja - Snowek","og_url":"https:\/\/snowek.fi\/fi\/harjalaitteet\/circulus\/","og_site_name":"Snowek","article_publisher":"http:\/\/www.facebook.com\/snowektrombia","article_modified_time":"2026-02-26T06:48:49+00:00","og_image":[{"width":800,"height":533,"url":"https:\/\/snowek.fi\/wp-content\/uploads\/2025\/02\/SNOWEK-75-of-91-scaled-e1739007897762.webp","type":"image\/webp"}],"twitter_card":"summary_large_image","twitter_site":"@trombiatech","twitter_misc":{"Arvioitu lukuaika":"1 minuutti"},"schema":{"@context":"https:\/\/schema.org","@graph":[{"@type":"WebPage","@id":"https:\/\/snowek.fi\/fi\/harjalaitteet\/circulus\/","url":"https:\/\/snowek.fi\/fi\/harjalaitteet\/circulus\/","name":"Circulus py\u00f6ritett\u00e4v\u00e4 kauhaharja - Snowek","isPartOf":{"@id":"https:\/\/snowek.fi\/de\/#website"},"primaryImageOfPage":{"@id":"https:\/\/snowek.fi\/fi\/harjalaitteet\/circulus\/#primaryimage"},"image":{"@id":"https:\/\/snowek.fi\/fi\/harjalaitteet\/circulus\/#primaryimage"},"thumbnailUrl":"https:\/\/snowek.fi\/wp-content\/uploads\/2025\/02\/SNOWEK-75-of-91-scaled-e1739007897762.webp","datePublished":"2024-09-12T08:33:45+00:00","dateModified":"2026-02-26T06:48:49+00:00","breadcrumb":{"@id":"https:\/\/snowek.fi\/fi\/harjalaitteet\/circulus\/#breadcrumb"},"inLanguage":"fi","potentialAction":[{"@type":"ReadAction","target":["https:\/\/snowek.fi\/fi\/harjalaitteet\/circulus\/"]}]},{"@type":"ImageObject","inLanguage":"fi","@id":"https:\/\/snowek.fi\/fi\/harjalaitteet\/circulus\/#primaryimage","url":"https:\/\/snowek.fi\/wp-content\/uploads\/2025\/02\/SNOWEK-75-of-91-scaled-e1739007897762.webp","contentUrl":"https:\/\/snowek.fi\/wp-content\/uploads\/2025\/02\/SNOWEK-75-of-91-scaled-e1739007897762.webp","width":800,"height":533,"caption":"Snowek C250 harjakone sivulta."},{"@type":"BreadcrumbList","@id":"https:\/\/snowek.fi\/fi\/harjalaitteet\/circulus\/#breadcrumb","itemListElement":[{"@type":"ListItem","position":1,"name":"Etusivu","item":"https:\/\/snowek.fi\/fi\/"},{"@type":"ListItem","position":2,"name":"Harjalaitteet","item":"https:\/\/snowek.fi\/fi\/harjalaitteet\/"},{"@type":"ListItem","position":3,"name":"Circulus py\u00f6ritett\u00e4v\u00e4 kauhaharja"}]},{"@type":"WebSite","@id":"https:\/\/snowek.fi\/de\/#website","url":"https:\/\/snowek.fi\/de\/","name":"Snowek","description":"","publisher":{"@id":"https:\/\/snowek.fi\/de\/#organization"},"potentialAction":[{"@type":"SearchAction","target":{"@type":"EntryPoint","urlTemplate":"https:\/\/snowek.fi\/de\/?s={search_term_string}"},"query-input":{"@type":"PropertyValueSpecification","valueRequired":true,"valueName":"search_term_string"}}],"inLanguage":"fi"},{"@type":"Organization","@id":"https:\/\/snowek.fi\/de\/#organization","name":"Snowek","url":"https:\/\/snowek.fi\/de\/","logo":{"@type":"ImageObject","inLanguage":"fi","@id":"https:\/\/snowek.fi\/de\/#\/schema\/logo\/image\/","url":"https:\/\/snowek.fi\/wp-content\/uploads\/2024\/09\/snowek-logo-black.png","contentUrl":"https:\/\/snowek.fi\/wp-content\/uploads\/2024\/09\/snowek-logo-black.png","width":200,"height":23,"caption":"Snowek"},"image":{"@id":"https:\/\/snowek.fi\/de\/#\/schema\/logo\/image\/"},"sameAs":["http:\/\/www.facebook.com\/snowektrombia","https:\/\/x.com\/trombiatech","http:\/\/www.youtube.com\/trombia-technologies","https:\/\/www.linkedin.com\/company\/3523519\/"]}]}},"_links":{"self":[{"href":"https:\/\/snowek.fi\/fi\/wp-json\/wp\/v2\/pages\/297","targetHints":{"allow":["GET"]}}],"collection":[{"href":"https:\/\/snowek.fi\/fi\/wp-json\/wp\/v2\/pages"}],"about":[{"href":"https:\/\/snowek.fi\/fi\/wp-json\/wp\/v2\/types\/page"}],"author":[{"embeddable":true,"href":"https:\/\/snowek.fi\/fi\/wp-json\/wp\/v2\/users\/1"}],"replies":[{"embeddable":true,"href":"https:\/\/snowek.fi\/fi\/wp-json\/wp\/v2\/comments?post=297"}],"version-history":[{"count":3,"href":"https:\/\/snowek.fi\/fi\/wp-json\/wp\/v2\/pages\/297\/revisions"}],"predecessor-version":[{"id":5670,"href":"https:\/\/snowek.fi\/fi\/wp-json\/wp\/v2\/pages\/297\/revisions\/5670"}],"up":[{"embeddable":true,"href":"https:\/\/snowek.fi\/fi\/wp-json\/wp\/v2\/pages\/282"}],"wp:featuredmedia":[{"embeddable":true,"href":"https:\/\/snowek.fi\/fi\/wp-json\/wp\/v2\/media\/3713"}],"wp:attachment":[{"href":"https:\/\/snowek.fi\/fi\/wp-json\/wp\/v2\/media?parent=297"}],"curies":[{"name":"wp","href":"https:\/\/api.w.org\/{rel}","templated":true}]}}